{"id":2062,"date":"2024-09-11T09:43:18","date_gmt":"2024-09-11T07:43:18","guid":{"rendered":"https:\/\/nailosophie.com\/?page_id=2062"},"modified":"2024-12-17T11:42:17","modified_gmt":"2024-12-17T10:42:17","slug":"nagelpflege-extras","status":"publish","type":"page","link":"https:\/\/nailosophie.com\/en\/nagelpflege-extras\/","title":{"rendered":"Extras"},"content":{"rendered":"<div data-elementor-type=\"wp-page\" data-elementor-id=\"2062\" class=\"elementor elementor-2062\" data-elementor-post-type=\"page\">\n\t\t\t\t<section class=\"elementor-element elementor-element-2dde18c e-flex e-con-boxed e-con e-parent\" data-id=\"2dde18c\" data-element_type=\"container\">\n\t\t\t\t\t<div class=\"e-con-inner\">\n\t\t\t\t<div class=\"elementor-element elementor-element-8446bc7 elementor-widget__width-initial elementor-widget elementor-widget-image-box\" data-id=\"8446bc7\" data-element_type=\"widget\" data-widget_type=\"image-box.default\">\n\t\t\t\t\t<div class=\"elementor-image-box-wrapper\"><div class=\"elementor-image-box-content\"><h1 class=\"elementor-image-box-title\">Service<\/h1><\/div><\/div>\t\t\t\t<\/div>\n\t\t\t\t<div class=\"elementor-element elementor-element-77ad937 elementor-widget__width-initial elementor-widget elementor-widget-n-accordion\" data-id=\"77ad937\" data-element_type=\"widget\" data-settings=\"{&quot;n_accordion_animation_duration&quot;:{&quot;unit&quot;:&quot;ms&quot;,&quot;size&quot;:300,&quot;sizes&quot;:[]},&quot;default_state&quot;:&quot;expanded&quot;,&quot;max_items_expended&quot;:&quot;one&quot;}\" data-widget_type=\"nested-accordion.default\">\n\t\t\t\t\t\t\t<div class=\"e-n-accordion\" aria-label=\"Accordion. Open links with Enter or Space, close with Escape, and navigate with Arrow Keys\">\n\t\t\t\t\t\t<details id=\"e-n-accordion-item-1250\" class=\"e-n-accordion-item\" open>\n\t\t\t\t<summary class=\"e-n-accordion-item-title\" data-accordion-index=\"1\" tabindex=\"0\" aria-expanded=\"true\" aria-controls=\"e-n-accordion-item-1250\" >\n\t\t\t\t\t<span class='e-n-accordion-item-title-header'><div class=\"e-n-accordion-item-title-text\"> Hands and feet scrubs: A revitalizing treat for your skin <\/div><\/span>\n\t\t\t\t\t\t\t<span class='e-n-accordion-item-title-icon'>\n\t\t\t<span class='e-opened' ><svg aria-hidden=\"true\" class=\"e-font-icon-svg e-fas-minus\" viewbox=\"0 0 448 512\" xmlns=\"http:\/\/www.w3.org\/2000\/svg\"><path d=\"M416 208H32c-17.67 0-32 14.33-32 32v32c0 17.67 14.33 32 32 32h384c17.67 0 32-14.33 32-32v-32c0-17.67-14.33-32-32-32z\"><\/path><\/svg><\/span>\n\t\t\t<span class='e-closed'><svg aria-hidden=\"true\" class=\"e-font-icon-svg e-fas-plus\" viewbox=\"0 0 448 512\" xmlns=\"http:\/\/www.w3.org\/2000\/svg\"><path d=\"M416 208H272V64c0-17.67-14.33-32-32-32h-32c-17.67 0-32 14.33-32 32v144H32c-17.67 0-32 14.33-32 32v32c0 17.67 14.33 32 32 32h144v144c0 17.67 14.33 32 32 32h32c17.67 0 32-14.33 32-32V304h144c17.67 0 32-14.33 32-32v-32c0-17.67-14.33-32-32-32z\"><\/path><\/svg><\/span>\n\t\t<\/span>\n\n\t\t\t\t\t\t<\/summary>\n\t\t\t\t<div role=\"region\" aria-labelledby=\"e-n-accordion-item-1250\" class=\"elementor-element elementor-element-8404686 e-con-full e-flex e-con e-child\" data-id=\"8404686\" data-element_type=\"container\">\n\t\t\t\t<div class=\"elementor-element elementor-element-8a1ba8d elementor-widget elementor-widget-text-editor\" data-id=\"8a1ba8d\" data-element_type=\"widget\" data-widget_type=\"text-editor.default\">\n\t\t\t\t\t\t\t\t\t<p>Our hand and foot scrubs are designed to exfoliate and refresh the skin, leaving your hands and feet soft, smooth, and rejuvenated. These scrubs gently remove dead skin cells while nourishing and hydrating your skin. Whether you're looking to pamper yourself after a long day or enhance the results of a manicure or pedicure, our scrubs provide the perfect boost for your skin's health.<br \/><br \/><strong>Why choose a hand or foot scrub?<\/strong><br \/>Exfoliation is a key part of maintaining healthy, radiant skin. Regular scrubs help prevent dryness, calluses, and rough patches by promoting skin cell renewal. Our scrubs are suitable for all skin types and are an excellent addition to any hand or foot treatment, ensuring your skin stays soft and youthful-looking.<br \/><br \/>A hand or foot scrub is especially beneficial for those with dry, flaky skin or anyone experiencing rough patches on their hands or feet due to daily wear and tear. After your treatment, your skin will feel revitalized, and both your hands and feet will have a more polished, silky texture.<br \/><br \/><strong>Upgrade to the deluxe experience<\/strong><br \/>For those seeking a more indulgent experience, our scrubs can be upgraded to the deluxe version. This includes treating your entire arms (up to the elbows) and legs (up to the knees), finished off with a soothing massage. This extended treatment provides extra nourishment for your skin while promoting deep relaxation for the muscles.<br \/><br \/><em>Please note: The deluxe version is available only as an add-on with another treatment.<\/em><br \/><br \/><strong>Please inform us of any sensitivities<\/strong><br \/>Your comfort and safety are our top priorities. If you have any skin sensitivities, allergies, or experience any irritation, please let us know prior to your treatment. Our team can adjust the products and techniques used to ensure a comfortable and enjoyable experience for you.<\/p>\t\t\t\t\t\t\t\t<\/div>\n\t\t\t\t<\/div>\n\t\t\t\t\t<\/details>\n\t\t\t\t\t\t<details id=\"e-n-accordion-item-1251\" class=\"e-n-accordion-item\" >\n\t\t\t\t<summary class=\"e-n-accordion-item-title\" data-accordion-index=\"2\" tabindex=\"-1\" aria-expanded=\"false\" aria-controls=\"e-n-accordion-item-1251\" >\n\t\t\t\t\t<span class='e-n-accordion-item-title-header'><div class=\"e-n-accordion-item-title-text\"> What is paraffin wax bath? <\/div><\/span>\n\t\t\t\t\t\t\t<span class='e-n-accordion-item-title-icon'>\n\t\t\t<span class='e-opened' ><svg aria-hidden=\"true\" class=\"e-font-icon-svg e-fas-minus\" viewbox=\"0 0 448 512\" xmlns=\"http:\/\/www.w3.org\/2000\/svg\"><path d=\"M416 208H32c-17.67 0-32 14.33-32 32v32c0 17.67 14.33 32 32 32h384c17.67 0 32-14.33 32-32v-32c0-17.67-14.33-32-32-32z\"><\/path><\/svg><\/span>\n\t\t\t<span class='e-closed'><svg aria-hidden=\"true\" class=\"e-font-icon-svg e-fas-plus\" viewbox=\"0 0 448 512\" xmlns=\"http:\/\/www.w3.org\/2000\/svg\"><path d=\"M416 208H272V64c0-17.67-14.33-32-32-32h-32c-17.67 0-32 14.33-32 32v144H32c-17.67 0-32 14.33-32 32v32c0 17.67 14.33 32 32 32h144v144c0 17.67 14.33 32 32 32h32c17.67 0 32-14.33 32-32V304h144c17.67 0 32-14.33 32-32v-32c0-17.67-14.33-32-32-32z\"><\/path><\/svg><\/span>\n\t\t<\/span>\n\n\t\t\t\t\t\t<\/summary>\n\t\t\t\t<div role=\"region\" aria-labelledby=\"e-n-accordion-item-1251\" class=\"elementor-element elementor-element-e709510 e-flex e-con-boxed e-con e-child\" data-id=\"e709510\" data-element_type=\"container\">\n\t\t\t\t\t<div class=\"e-con-inner\">\n\t\t\t\t<div class=\"elementor-element elementor-element-a8b1835 elementor-widget elementor-widget-text-editor\" data-id=\"a8b1835\" data-element_type=\"widget\" data-widget_type=\"text-editor.default\">\n\t\t\t\t\t\t\t\t\t<p>Ein <strong>Paraffin wax bath<\/strong> ist eine verw\u00f6hnende Behandlung, die Ihre Haut intensiv mit Feuchtigkeit versorgt und beruhigt. Um die Wirkung zu maximieren, beginnen wir mit einem sanften Peeling, gefolgt von einer pflegenden Hand- oder Fu\u00dfmaske. Danach werden Ihre H\u00e4nde oder F\u00fc\u00dfe in warmes Paraffin getaucht, das beim Abk\u00fchlen eine sch\u00fctzende Schicht bildet. Ihre Haut wird weich, geschmeidig und gut hydriert. Das Paraffinbad f\u00f6rdert au\u00dferdem die Durchblutung, entspannt Muskeln und kann bei Gelenkbeschwerden helfen.<br \/><br \/>Diese Behandlung ist f\u00fcr jeden geeignet und besonders zu empfehlen, wenn Sie trockene Haut haben oder einfach ein entspannendes und pflegendes Erlebnis genie\u00dfen m\u00f6chten.<br \/><br \/>Das Paraffinbad kann eigenst\u00e4ndig oder in Kombination mit einer Combi-Manik\u00fcre oder -Pedik\u00fcre (mit oder ohne Shellac) oder auch mit einer Gelbehandlung durchgef\u00fchrt werden.<br \/><br \/>Wir empfehlen diese Behandlung besonders in den Herbst- und Wintermonaten, wenn die Haut mehr Pflege braucht. F\u00fcr beste Ergebnisse sollte das Paraffinbad alle 4 bis 6 Wochen durchgef\u00fchrt werden, um Ihre Haut weich, gesund und gepflegt zu halten.<\/p>\t\t\t\t\t\t\t\t<\/div>\n\t\t\t\t\t<\/div>\n\t\t\t\t<\/div>\n\t\t\t\t\t<\/details>\n\t\t\t\t\t\t<details id=\"e-n-accordion-item-1252\" class=\"e-n-accordion-item\" >\n\t\t\t\t<summary class=\"e-n-accordion-item-title\" data-accordion-index=\"3\" tabindex=\"-1\" aria-expanded=\"false\" aria-controls=\"e-n-accordion-item-1252\" >\n\t\t\t\t\t<span class='e-n-accordion-item-title-header'><div class=\"e-n-accordion-item-title-text\"> What is a patch test? <\/div><\/span>\n\t\t\t\t\t\t\t<span class='e-n-accordion-item-title-icon'>\n\t\t\t<span class='e-opened' ><svg aria-hidden=\"true\" class=\"e-font-icon-svg e-fas-minus\" viewbox=\"0 0 448 512\" xmlns=\"http:\/\/www.w3.org\/2000\/svg\"><path d=\"M416 208H32c-17.67 0-32 14.33-32 32v32c0 17.67 14.33 32 32 32h384c17.67 0 32-14.33 32-32v-32c0-17.67-14.33-32-32-32z\"><\/path><\/svg><\/span>\n\t\t\t<span class='e-closed'><svg aria-hidden=\"true\" class=\"e-font-icon-svg e-fas-plus\" viewbox=\"0 0 448 512\" xmlns=\"http:\/\/www.w3.org\/2000\/svg\"><path d=\"M416 208H272V64c0-17.67-14.33-32-32-32h-32c-17.67 0-32 14.33-32 32v144H32c-17.67 0-32 14.33-32 32v32c0 17.67 14.33 32 32 32h144v144c0 17.67 14.33 32 32 32h32c17.67 0 32-14.33 32-32V304h144c17.67 0 32-14.33 32-32v-32c0-17.67-14.33-32-32-32z\"><\/path><\/svg><\/span>\n\t\t<\/span>\n\n\t\t\t\t\t\t<\/summary>\n\t\t\t\t<div role=\"region\" aria-labelledby=\"e-n-accordion-item-1252\" class=\"elementor-element elementor-element-a248347 e-flex e-con-boxed e-con e-child\" data-id=\"a248347\" data-element_type=\"container\">\n\t\t\t\t\t<div class=\"e-con-inner\">\n\t\t\t\t<div class=\"elementor-element elementor-element-5aeeb3c elementor-widget elementor-widget-text-editor\" data-id=\"5aeeb3c\" data-element_type=\"widget\" data-widget_type=\"text-editor.default\">\n\t\t\t\t\t\t\t\t\t<p>A patch test is a simple way to check if your nails or skin might react to a product before proceeding with a full treatment. It helps us ensure that our products are safe for you to use without causing any discomfort.<br \/><br \/><strong>How we offer patch tests for our clients<\/strong><br \/>If you're unsure whether you're allergic to the products we use, we offer a patch test completely free of charge. We apply the product to just one nail to see how your nail and the surrounding skin respond. This small test helps us determine if it\u2019s safe to proceed with your treatment without any risk of a reaction.<br \/><br \/>We recommend observing the tested nail for at least 24 hours to check for any signs of irritation, redness, or discomfort. You can easily book this patch test through our online system, just like any other appointment.<br \/><br \/><strong>Who should consider a patch test?<\/strong><br \/>Patch tests are particularly important for clients who have experienced allergic reactions to similar products in the past. It\u2019s a proactive way to make sure you can enjoy your treatment without any issues.<\/p>\t\t\t\t\t\t\t\t<\/div>\n\t\t\t\t\t<\/div>\n\t\t\t\t<\/div>\n\t\t\t\t\t<\/details>\n\t\t\t\t\t<\/div>\n\t\t\t\t\t<script type=\"application\/ld+json\">{\"@context\":\"https:\\\/\\\/schema.org\",\"@type\":\"FAQPage\",\"mainEntity\":[{\"@type\":\"Question\",\"name\":\"Hand- und Fu\\u00dfpeelings: Frische und Pflege f\\u00fcr Ihre Haut\",\"acceptedAnswer\":{\"@type\":\"Answer\",\"text\":\"\"}},{\"@type\":\"Question\",\"name\":\"Was ist das Paraffinwax Bad?\",\"acceptedAnswer\":{\"@type\":\"Answer\",\"text\":\"\"}},{\"@type\":\"Question\",\"name\":\"Was ist ein Patch Test?\",\"acceptedAnswer\":{\"@type\":\"Answer\",\"text\":\"\"}}]}<\/script>\n\t\t\t\t\t\t\t<\/div>\n\t\t\t\t\t<\/div>\n\t\t\t\t<\/section>\n\t\t\t\t<\/div>","protected":false},"excerpt":{"rendered":"<p>Service Hand- und Fu\u00dfpeelings: Frische und Pflege f\u00fcr Ihre Haut Unsere Hand- und Fu\u00dfpeelings helfen, die Haut zu exfolieren und zu erfrischen. Nach der Anwendung f\u00fchlen sich Ihre H\u00e4nde und F\u00fc\u00dfe weich, glatt und erneuert an. Diese Peelings entfernen sanft abgestorbene Hautzellen und pflegen gleichzeitig die Haut. Sie sind perfekt, wenn Sie sich nach einem [&hellip;]<\/p>","protected":false},"author":1,"featured_media":0,"parent":0,"menu_order":0,"comment_status":"closed","ping_status":"closed","template":"","meta":{"_acf_changed":false,"slim_seo":{"title":"Nagelpflege Extras | Hand-, Fu\u00dfpeeling &amp; mehr in Stuttgart","description":"Entdecken Sie unsere Nagelpflege Extras: Hand- und Fu\u00dfpeeling, Paraffinbad, Deluxe-Upgrades und Patch Tests. G\u00f6nnen Sie sich eine exklusive Behandlung in Stuttgart!"},"footnotes":""},"class_list":["post-2062","page","type-page","status-publish","hentry"],"acf":[],"_links":{"self":[{"href":"https:\/\/nailosophie.com\/en\/wp-json\/wp\/v2\/pages\/2062","targetHints":{"allow":["GET"]}}],"collection":[{"href":"https:\/\/nailosophie.com\/en\/wp-json\/wp\/v2\/pages"}],"about":[{"href":"https:\/\/nailosophie.com\/en\/wp-json\/wp\/v2\/types\/page"}],"author":[{"embeddable":true,"href":"https:\/\/nailosophie.com\/en\/wp-json\/wp\/v2\/users\/1"}],"replies":[{"embeddable":true,"href":"https:\/\/nailosophie.com\/en\/wp-json\/wp\/v2\/comments?post=2062"}],"version-history":[{"count":0,"href":"https:\/\/nailosophie.com\/en\/wp-json\/wp\/v2\/pages\/2062\/revisions"}],"wp:attachment":[{"href":"https:\/\/nailosophie.com\/en\/wp-json\/wp\/v2\/media?parent=2062"}],"curies":[{"name":"wp","href":"https:\/\/api.w.org\/{rel}","templated":true}]}}